{"id":151,"date":"2025-09-17T12:41:29","date_gmt":"2025-09-17T12:41:29","guid":{"rendered":"https:\/\/energotrans.services\/?page_id=151"},"modified":"2025-09-17T13:39:37","modified_gmt":"2025-09-17T13:39:37","slug":"lisenziya-copy","status":"publish","type":"page","link":"https:\/\/energotrans.services\/index.php\/lisenziya-copy\/","title":{"rendered":"Layih\u0259l\u0259rimiz"},"content":{"rendered":"\n<div class=\"wp-block-columns is-layout-flex wp-container-core-columns-is-layout-28f84493 wp-block-columns-is-layout-flex\">\n<div class=\"wp-block-column is-layout-flow wp-block-column-is-layout-flow\">\n<div id=\"wp-block-themeisle-blocks-slider-0a195c12\" class=\"wp-block-themeisle-blocks-slider glide\" data-per-view=\"1\" data-gap=\"0\" data-peek=\"0\" data-autoplay=\"true\" data-height=\"400px\" data-hide-arrows=\"false\"><div class=\"glide__track\" data-glide-el=\"track\"><div class=\"glide__slides\"><div class=\"wp-block-themeisle-blocks-slider-item-wrapper glide__slide\" tabindex=\"0\"><figure><img decoding=\"async\" class=\"wp-block-themeisle-blocks-slider-item\" src=\"https:\/\/energotrans.services\/wp-content\/uploads\/2025\/09\/oz01.jpg\" alt=\"\" title=\"\" data-id=\"153\"\/><\/figure><\/div><div class=\"wp-block-themeisle-blocks-slider-item-wrapper glide__slide\" tabindex=\"0\"><figure><img decoding=\"async\" class=\"wp-block-themeisle-blocks-slider-item\" src=\"https:\/\/energotrans.services\/wp-content\/uploads\/2025\/09\/oz02.jpg\" alt=\"\" title=\"\" data-id=\"154\"\/><\/figure><\/div><div class=\"wp-block-themeisle-blocks-slider-item-wrapper glide__slide\" tabindex=\"0\"><figure><img decoding=\"async\" class=\"wp-block-themeisle-blocks-slider-item\" src=\"https:\/\/energotrans.services\/wp-content\/uploads\/2025\/09\/oz03.jpg\" alt=\"\" title=\"\" data-id=\"155\"\/><\/figure><\/div><div class=\"wp-block-themeisle-blocks-slider-item-wrapper glide__slide\" tabindex=\"0\"><figure><img decoding=\"async\" class=\"wp-block-themeisle-blocks-slider-item\" src=\"https:\/\/energotrans.services\/wp-content\/uploads\/2025\/09\/oz04.jpg\" alt=\"\" title=\"\" data-id=\"156\"\/><\/figure><\/div><div class=\"wp-block-themeisle-blocks-slider-item-wrapper glide__slide\" tabindex=\"0\"><figure><img decoding=\"async\" class=\"wp-block-themeisle-blocks-slider-item\" src=\"https:\/\/energotrans.services\/wp-content\/uploads\/2025\/09\/oz05.jpg\" alt=\"\" title=\"\" data-id=\"157\"\/><\/figure><\/div><\/div><div class=\"glide__bullets\" data-glide-el=\"controls[nav]\"><button class=\"glide__bullet\" data-glide-dir=\"=0\"><\/button><button class=\"glide__bullet\" data-glide-dir=\"=1\"><\/button><button class=\"glide__bullet\" data-glide-dir=\"=2\"><\/button><button class=\"glide__bullet\" data-glide-dir=\"=3\"><\/button><button class=\"glide__bullet\" data-glide-dir=\"=4\"><\/button><\/div><\/div><\/div>\n<\/div>\n\n\n\n<div class=\"wp-block-column is-layout-flow wp-block-column-is-layout-flow\">\n<p>Heyd\u0259r \u018fliyev ad\u0131na Neft Emal Zavodunun \u0259razisind\u0259 boru k\u0259m\u0259rl\u0259rinin qura\u015fd\u0131r\u0131lmas\u0131, \u00e7\u0259nl\u0259rin v\u0259 metal konstruksiyalar\u0131n s\u00f6k\u00fcnt\u00fcs\u00fc, borular\u0131n s\u00f6k\u00fcnt\u00fcs\u00fc, tikinti qura\u015fd\u0131rma i\u015fl\u0259ri.<\/p>\n<\/div>\n<\/div>\n\n\n\n<div class=\"wp-block-columns is-layout-flex wp-container-core-columns-is-layout-28f84493 wp-block-columns-is-layout-flex\">\n<div class=\"wp-block-column is-layout-flow wp-block-column-is-layout-flow\">\n<p>Sumqay\u0131t y\u00fcks\u0259kg\u0259rginlik stansiyas\u0131nda qurulma, sazlama v\u0259 t\u0259mir i\u015fl\u0259ri h\u0259yata ke\u00e7irilmi\u015fdir.<\/p>\n<\/div>\n\n\n\n<div class=\"wp-block-column is-layout-flow wp-block-column-is-layout-flow\">\n<div id=\"wp-block-themeisle-blocks-slider-a50acac6\" class=\"wp-block-themeisle-blocks-slider glide\" data-per-view=\"1\" data-gap=\"0\" data-peek=\"0\" data-autoplay=\"true\" data-height=\"400px\" data-hide-arrows=\"false\"><div class=\"glide__track\" data-glide-el=\"track\"><div class=\"glide__slides\"><div class=\"wp-block-themeisle-blocks-slider-item-wrapper glide__slide\" tabindex=\"0\"><figure><img decoding=\"async\" class=\"wp-block-themeisle-blocks-slider-item\" src=\"https:\/\/energotrans.services\/wp-content\/uploads\/2025\/09\/assistant_7283093_47069286_32.jpg\" alt=\"\" title=\"\" data-id=\"166\"\/><\/figure><\/div><div class=\"wp-block-themeisle-blocks-slider-item-wrapper glide__slide\" tabindex=\"0\"><figure><img decoding=\"async\" class=\"wp-block-themeisle-blocks-slider-item\" src=\"https:\/\/energotrans.services\/wp-content\/uploads\/2025\/09\/IMG-20250612-WA0004.jpg\" alt=\"\" title=\"\" data-id=\"164\"\/><\/figure><\/div><div class=\"wp-block-themeisle-blocks-slider-item-wrapper glide__slide\" tabindex=\"0\"><figure><img decoding=\"async\" class=\"wp-block-themeisle-blocks-slider-item\" src=\"https:\/\/energotrans.services\/wp-content\/uploads\/2025\/09\/IMG-20250612-WA0003.jpg\" alt=\"\" title=\"\" data-id=\"163\"\/><\/figure><\/div><div class=\"wp-block-themeisle-blocks-slider-item-wrapper glide__slide\" tabindex=\"0\"><figure><img decoding=\"async\" class=\"wp-block-themeisle-blocks-slider-item\" src=\"https:\/\/energotrans.services\/wp-content\/uploads\/2025\/09\/IMG-20250612-WA0009.jpg\" alt=\"\" title=\"\" data-id=\"162\"\/><\/figure><\/div><\/div><div class=\"glide__bullets\" data-glide-el=\"controls[nav]\"><button class=\"glide__bullet\" data-glide-dir=\"=0\"><\/button><button class=\"glide__bullet\" data-glide-dir=\"=1\"><\/button><button class=\"glide__bullet\" data-glide-dir=\"=2\"><\/button><button class=\"glide__bullet\" data-glide-dir=\"=3\"><\/button><\/div><\/div><\/div>\n<\/div>\n<\/div>\n\n\n\n<div class=\"wp-block-columns is-layout-flex wp-container-core-columns-is-layout-28f84493 wp-block-columns-is-layout-flex\">\n<div class=\"wp-block-column is-layout-flow wp-block-column-is-layout-flow\">\n<div id=\"wp-block-themeisle-blocks-slider-545b8bf4\" class=\"wp-block-themeisle-blocks-slider glide\" data-per-view=\"1\" data-gap=\"0\" data-peek=\"0\" data-autoplay=\"true\" data-height=\"400px\" data-hide-arrows=\"false\"><div class=\"glide__track\" data-glide-el=\"track\"><div class=\"glide__slides\"><div class=\"wp-block-themeisle-blocks-slider-item-wrapper glide__slide\" tabindex=\"0\"><figure><img decoding=\"async\" class=\"wp-block-themeisle-blocks-slider-item\" src=\"https:\/\/energotrans.services\/wp-content\/uploads\/2025\/09\/WhatsApp-Image-2025-06-05-at-11.42.08.jpeg\" alt=\"\" title=\"\" data-id=\"161\"\/><\/figure><\/div><div class=\"wp-block-themeisle-blocks-slider-item-wrapper glide__slide\" tabindex=\"0\"><figure><img decoding=\"async\" class=\"wp-block-themeisle-blocks-slider-item\" src=\"https:\/\/energotrans.services\/wp-content\/uploads\/2025\/09\/WhatsApp-Image-2025-06-05-at-11.42.08-2.jpeg\" alt=\"\" title=\"\" data-id=\"160\"\/><\/figure><\/div><\/div><div class=\"glide__bullets\" data-glide-el=\"controls[nav]\"><button class=\"glide__bullet\" data-glide-dir=\"=0\"><\/button><button class=\"glide__bullet\" data-glide-dir=\"=1\"><\/button><\/div><\/div><\/div>\n<\/div>\n\n\n\n<div class=\"wp-block-column is-layout-flow wp-block-column-is-layout-flow\">\n<p>Qaraba\u011f Rayon Memarl\u0131q v\u0259 \u015e\u0259h\u0259rsalma Ba\u015f \u0130dar\u0259sinin r\u0259hb\u0259rliyi il\u0259 nasos stansiyas\u0131nda t\u0259mir i\u015fl\u0259ri h\u0259yata ke\u00e7irilmi\u015fdir.<\/p>\n<\/div>\n<\/div>\n\n\n\n<div class=\"wp-block-columns is-layout-flex wp-container-core-columns-is-layout-28f84493 wp-block-columns-is-layout-flex\">\n<div class=\"wp-block-column is-layout-flow wp-block-column-is-layout-flow\">\n<p> Bak\u0131 \u015e\u0259h\u0259r Avtomobil Yollar\u0131 \u0130dar\u0259si il\u0259 birg\u0259, yol t\u0259mir i\u015fl\u0259ri h\u0259yata ke\u00e7irilmi\u015fdir.<\/p>\n<\/div>\n\n\n\n<div class=\"wp-block-column is-layout-flow wp-block-column-is-layout-flow\">\n<figure class=\"wp-block-image size-large\"><img loading=\"lazy\" decoding=\"async\" width=\"1024\" height=\"768\" src=\"https:\/\/energotrans.services\/wp-content\/uploads\/2025\/09\/Ck5jDc2XAAAjpSU-1024x768.jpg\" alt=\"\" class=\"wp-image-170\" srcset=\"https:\/\/energotrans.services\/wp-content\/uploads\/2025\/09\/Ck5jDc2XAAAjpSU-1024x768.jpg 1024w, https:\/\/energotrans.services\/wp-content\/uploads\/2025\/09\/Ck5jDc2XAAAjpSU-300x225.jpg 300w, https:\/\/energotrans.services\/wp-content\/uploads\/2025\/09\/Ck5jDc2XAAAjpSU-768x576.jpg 768w, https:\/\/energotrans.services\/wp-content\/uploads\/2025\/09\/Ck5jDc2XAAAjpSU.jpg 1200w\" sizes=\"auto, (max-width: 1024px) 100vw, 1024px\" \/><\/figure>\n<\/div>\n<\/div>\n","protected":false},"excerpt":{"rendered":"<p>Heyd\u0259r \u018fliyev ad\u0131na Neft Emal Zavodunun \u0259razisind\u0259 boru k\u0259m\u0259rl\u0259rinin qura\u015fd\u0131r\u0131lmas\u0131, \u00e7\u0259nl\u0259rin v\u0259 metal konstruksiyalar\u0131n s\u00f6k\u00fcnt\u00fcs\u00fc, borular\u0131n s\u00f6k\u00fcnt\u00fcs\u00fc, tikinti qura\u015fd\u0131rma i\u015fl\u0259ri. Sumqay\u0131t y\u00fcks\u0259kg\u0259rginlik stansiyas\u0131nda qurulma, sazlama v\u0259 t\u0259mir i\u015fl\u0259ri h\u0259yata ke\u00e7irilmi\u015fdir. Qaraba\u011f Rayon Memarl\u0131q v\u0259 \u015e\u0259h\u0259rsalma Ba\u015f \u0130dar\u0259sinin r\u0259hb\u0259rliyi il\u0259 nasos stansiyas\u0131nda t\u0259mir i\u015fl\u0259ri h\u0259yata ke\u00e7irilmi\u015fdir. Bak\u0131 \u015e\u0259h\u0259r Avtomobil Yollar\u0131 \u0130dar\u0259si [&hellip;]<\/p>\n","protected":false},"author":1,"featured_media":0,"parent":0,"menu_order":0,"comment_status":"closed","ping_status":"closed","template":"","meta":{"_themeisle_gutenberg_block_has_review":false,"footnotes":""},"class_list":["post-151","page","type-page","status-publish","hentry"],"yoast_head":"<!-- This site is optimized with the Yoast SEO plugin v26.0 - https:\/\/yoast.com\/wordpress\/plugins\/seo\/ -->\n<title>Layih\u0259l\u0259rimiz - Energotrans LLC<\/title>\n<meta name=\"robots\" content=\"index, follow, max-snippet:-1, max-image-preview:large, max-video-preview:-1\" \/>\n<link rel=\"canonical\" href=\"https:\/\/energotrans.services\/index.php\/lisenziya-copy\/\" \/>\n<meta property=\"og:locale\" content=\"en_US\" \/>\n<meta property=\"og:type\" content=\"article\" \/>\n<meta property=\"og:title\" content=\"Layih\u0259l\u0259rimiz - Energotrans LLC\" \/>\n<meta property=\"og:description\" content=\"Heyd\u0259r \u018fliyev ad\u0131na Neft Emal Zavodunun \u0259razisind\u0259 boru k\u0259m\u0259rl\u0259rinin qura\u015fd\u0131r\u0131lmas\u0131, \u00e7\u0259nl\u0259rin v\u0259 metal konstruksiyalar\u0131n s\u00f6k\u00fcnt\u00fcs\u00fc, borular\u0131n s\u00f6k\u00fcnt\u00fcs\u00fc, tikinti qura\u015fd\u0131rma i\u015fl\u0259ri. Sumqay\u0131t y\u00fcks\u0259kg\u0259rginlik stansiyas\u0131nda qurulma, sazlama v\u0259 t\u0259mir i\u015fl\u0259ri h\u0259yata ke\u00e7irilmi\u015fdir. Qaraba\u011f Rayon Memarl\u0131q v\u0259 \u015e\u0259h\u0259rsalma Ba\u015f \u0130dar\u0259sinin r\u0259hb\u0259rliyi il\u0259 nasos stansiyas\u0131nda t\u0259mir i\u015fl\u0259ri h\u0259yata ke\u00e7irilmi\u015fdir. Bak\u0131 \u015e\u0259h\u0259r Avtomobil Yollar\u0131 \u0130dar\u0259si [&hellip;]\" \/>\n<meta property=\"og:url\" content=\"https:\/\/energotrans.services\/index.php\/lisenziya-copy\/\" \/>\n<meta property=\"og:site_name\" content=\"Energotrans LLC\" \/>\n<meta property=\"article:modified_time\" content=\"2025-09-17T13:39:37+00:00\" \/>\n<meta property=\"og:image\" content=\"https:\/\/energotrans.services\/wp-content\/uploads\/2025\/09\/oz01.jpg\" \/>\n<meta name=\"twitter:card\" content=\"summary_large_image\" \/>\n<meta name=\"twitter:label1\" content=\"Est. reading time\" \/>\n\t<meta name=\"twitter:data1\" content=\"3 minutes\" \/>\n<script type=\"application\/ld+json\" class=\"yoast-schema-graph\">{\"@context\":\"https:\/\/schema.org\",\"@graph\":[{\"@type\":\"WebPage\",\"@id\":\"https:\/\/energotrans.services\/index.php\/lisenziya-copy\/\",\"url\":\"https:\/\/energotrans.services\/index.php\/lisenziya-copy\/\",\"name\":\"Layih\u0259l\u0259rimiz - Energotrans LLC\",\"isPartOf\":{\"@id\":\"https:\/\/energotrans.services\/#website\"},\"primaryImageOfPage\":{\"@id\":\"https:\/\/energotrans.services\/index.php\/lisenziya-copy\/#primaryimage\"},\"image\":{\"@id\":\"https:\/\/energotrans.services\/index.php\/lisenziya-copy\/#primaryimage\"},\"thumbnailUrl\":\"https:\/\/energotrans.services\/wp-content\/uploads\/2025\/09\/oz01.jpg\",\"datePublished\":\"2025-09-17T12:41:29+00:00\",\"dateModified\":\"2025-09-17T13:39:37+00:00\",\"breadcrumb\":{\"@id\":\"https:\/\/energotrans.services\/index.php\/lisenziya-copy\/#breadcrumb\"},\"inLanguage\":\"en-US\",\"potentialAction\":[{\"@type\":\"ReadAction\",\"target\":[\"https:\/\/energotrans.services\/index.php\/lisenziya-copy\/\"]}]},{\"@type\":\"ImageObject\",\"inLanguage\":\"en-US\",\"@id\":\"https:\/\/energotrans.services\/index.php\/lisenziya-copy\/#primaryimage\",\"url\":\"https:\/\/energotrans.services\/wp-content\/uploads\/2025\/09\/oz01.jpg\",\"contentUrl\":\"https:\/\/energotrans.services\/wp-content\/uploads\/2025\/09\/oz01.jpg\",\"width\":1181,\"height\":827},{\"@type\":\"BreadcrumbList\",\"@id\":\"https:\/\/energotrans.services\/index.php\/lisenziya-copy\/#breadcrumb\",\"itemListElement\":[{\"@type\":\"ListItem\",\"position\":1,\"name\":\"Home\",\"item\":\"https:\/\/energotrans.services\/\"},{\"@type\":\"ListItem\",\"position\":2,\"name\":\"Layih\u0259l\u0259rimiz\"}]},{\"@type\":\"WebSite\",\"@id\":\"https:\/\/energotrans.services\/#website\",\"url\":\"https:\/\/energotrans.services\/\",\"name\":\"Energotrans LLC\",\"description\":\"\",\"publisher\":{\"@id\":\"https:\/\/energotrans.services\/#organization\"},\"potentialAction\":[{\"@type\":\"SearchAction\",\"target\":{\"@type\":\"EntryPoint\",\"urlTemplate\":\"https:\/\/energotrans.services\/?s={search_term_string}\"},\"query-input\":{\"@type\":\"PropertyValueSpecification\",\"valueRequired\":true,\"valueName\":\"search_term_string\"}}],\"inLanguage\":\"en-US\"},{\"@type\":\"Organization\",\"@id\":\"https:\/\/energotrans.services\/#organization\",\"name\":\"Energotrans LLC\",\"url\":\"https:\/\/energotrans.services\/\",\"logo\":{\"@type\":\"ImageObject\",\"inLanguage\":\"en-US\",\"@id\":\"https:\/\/energotrans.services\/#\/schema\/logo\/image\/\",\"url\":\"https:\/\/energotrans.services\/wp-content\/uploads\/2025\/05\/logo-logo-head.png\",\"contentUrl\":\"https:\/\/energotrans.services\/wp-content\/uploads\/2025\/05\/logo-logo-head.png\",\"width\":1296,\"height\":826,\"caption\":\"Energotrans LLC\"},\"image\":{\"@id\":\"https:\/\/energotrans.services\/#\/schema\/logo\/image\/\"}}]}<\/script>\n<!-- \/ Yoast SEO plugin. -->","yoast_head_json":{"title":"Layih\u0259l\u0259rimiz - Energotrans LLC","robots":{"index":"index","follow":"follow","max-snippet":"max-snippet:-1","max-image-preview":"max-image-preview:large","max-video-preview":"max-video-preview:-1"},"canonical":"https:\/\/energotrans.services\/index.php\/lisenziya-copy\/","og_locale":"en_US","og_type":"article","og_title":"Layih\u0259l\u0259rimiz - Energotrans LLC","og_description":"Heyd\u0259r \u018fliyev ad\u0131na Neft Emal Zavodunun \u0259razisind\u0259 boru k\u0259m\u0259rl\u0259rinin qura\u015fd\u0131r\u0131lmas\u0131, \u00e7\u0259nl\u0259rin v\u0259 metal konstruksiyalar\u0131n s\u00f6k\u00fcnt\u00fcs\u00fc, borular\u0131n s\u00f6k\u00fcnt\u00fcs\u00fc, tikinti qura\u015fd\u0131rma i\u015fl\u0259ri. Sumqay\u0131t y\u00fcks\u0259kg\u0259rginlik stansiyas\u0131nda qurulma, sazlama v\u0259 t\u0259mir i\u015fl\u0259ri h\u0259yata ke\u00e7irilmi\u015fdir. Qaraba\u011f Rayon Memarl\u0131q v\u0259 \u015e\u0259h\u0259rsalma Ba\u015f \u0130dar\u0259sinin r\u0259hb\u0259rliyi il\u0259 nasos stansiyas\u0131nda t\u0259mir i\u015fl\u0259ri h\u0259yata ke\u00e7irilmi\u015fdir. Bak\u0131 \u015e\u0259h\u0259r Avtomobil Yollar\u0131 \u0130dar\u0259si [&hellip;]","og_url":"https:\/\/energotrans.services\/index.php\/lisenziya-copy\/","og_site_name":"Energotrans LLC","article_modified_time":"2025-09-17T13:39:37+00:00","og_image":[{"url":"https:\/\/energotrans.services\/wp-content\/uploads\/2025\/09\/oz01.jpg","type":"","width":"","height":""}],"twitter_card":"summary_large_image","twitter_misc":{"Est. reading time":"3 minutes"},"schema":{"@context":"https:\/\/schema.org","@graph":[{"@type":"WebPage","@id":"https:\/\/energotrans.services\/index.php\/lisenziya-copy\/","url":"https:\/\/energotrans.services\/index.php\/lisenziya-copy\/","name":"Layih\u0259l\u0259rimiz - Energotrans LLC","isPartOf":{"@id":"https:\/\/energotrans.services\/#website"},"primaryImageOfPage":{"@id":"https:\/\/energotrans.services\/index.php\/lisenziya-copy\/#primaryimage"},"image":{"@id":"https:\/\/energotrans.services\/index.php\/lisenziya-copy\/#primaryimage"},"thumbnailUrl":"https:\/\/energotrans.services\/wp-content\/uploads\/2025\/09\/oz01.jpg","datePublished":"2025-09-17T12:41:29+00:00","dateModified":"2025-09-17T13:39:37+00:00","breadcrumb":{"@id":"https:\/\/energotrans.services\/index.php\/lisenziya-copy\/#breadcrumb"},"inLanguage":"en-US","potentialAction":[{"@type":"ReadAction","target":["https:\/\/energotrans.services\/index.php\/lisenziya-copy\/"]}]},{"@type":"ImageObject","inLanguage":"en-US","@id":"https:\/\/energotrans.services\/index.php\/lisenziya-copy\/#primaryimage","url":"https:\/\/energotrans.services\/wp-content\/uploads\/2025\/09\/oz01.jpg","contentUrl":"https:\/\/energotrans.services\/wp-content\/uploads\/2025\/09\/oz01.jpg","width":1181,"height":827},{"@type":"BreadcrumbList","@id":"https:\/\/energotrans.services\/index.php\/lisenziya-copy\/#breadcrumb","itemListElement":[{"@type":"ListItem","position":1,"name":"Home","item":"https:\/\/energotrans.services\/"},{"@type":"ListItem","position":2,"name":"Layih\u0259l\u0259rimiz"}]},{"@type":"WebSite","@id":"https:\/\/energotrans.services\/#website","url":"https:\/\/energotrans.services\/","name":"Energotrans LLC","description":"","publisher":{"@id":"https:\/\/energotrans.services\/#organization"},"potentialAction":[{"@type":"SearchAction","target":{"@type":"EntryPoint","urlTemplate":"https:\/\/energotrans.services\/?s={search_term_string}"},"query-input":{"@type":"PropertyValueSpecification","valueRequired":true,"valueName":"search_term_string"}}],"inLanguage":"en-US"},{"@type":"Organization","@id":"https:\/\/energotrans.services\/#organization","name":"Energotrans LLC","url":"https:\/\/energotrans.services\/","logo":{"@type":"ImageObject","inLanguage":"en-US","@id":"https:\/\/energotrans.services\/#\/schema\/logo\/image\/","url":"https:\/\/energotrans.services\/wp-content\/uploads\/2025\/05\/logo-logo-head.png","contentUrl":"https:\/\/energotrans.services\/wp-content\/uploads\/2025\/05\/logo-logo-head.png","width":1296,"height":826,"caption":"Energotrans LLC"},"image":{"@id":"https:\/\/energotrans.services\/#\/schema\/logo\/image\/"}}]}},"jetpack_sharing_enabled":true,"_links":{"self":[{"href":"https:\/\/energotrans.services\/index.php\/wp-json\/wp\/v2\/pages\/151","targetHints":{"allow":["GET"]}}],"collection":[{"href":"https:\/\/energotrans.services\/index.php\/wp-json\/wp\/v2\/pages"}],"about":[{"href":"https:\/\/energotrans.services\/index.php\/wp-json\/wp\/v2\/types\/page"}],"author":[{"embeddable":true,"href":"https:\/\/energotrans.services\/index.php\/wp-json\/wp\/v2\/users\/1"}],"replies":[{"embeddable":true,"href":"https:\/\/energotrans.services\/index.php\/wp-json\/wp\/v2\/comments?post=151"}],"version-history":[{"count":3,"href":"https:\/\/energotrans.services\/index.php\/wp-json\/wp\/v2\/pages\/151\/revisions"}],"predecessor-version":[{"id":171,"href":"https:\/\/energotrans.services\/index.php\/wp-json\/wp\/v2\/pages\/151\/revisions\/171"}],"wp:attachment":[{"href":"https:\/\/energotrans.services\/index.php\/wp-json\/wp\/v2\/media?parent=151"}],"curies":[{"name":"wp","href":"https:\/\/api.w.org\/{rel}","templated":true}]}}