{"id":14,"date":"2025-05-29T08:55:01","date_gmt":"2025-05-29T08:55:01","guid":{"rendered":"https:\/\/energotrans.services\/?page_id=14"},"modified":"2025-07-22T12:05:07","modified_gmt":"2025-07-22T12:05:07","slug":"home","status":"publish","type":"page","link":"https:\/\/energotrans.services\/","title":{"rendered":"Ana s\u0259hif\u0259"},"content":{"rendered":"\n<div class=\"wp-block-columns container is-layout-flex wp-container-core-columns-is-layout-28f84493 wp-block-columns-is-layout-flex\">\n<div class=\"wp-block-column is-layout-flow wp-block-column-is-layout-flow\" style=\"flex-basis:800px\">\n<h2 class=\"wp-block-heading\">X\u0130DM\u018fTL\u018fR\u0130M\u0130Z:<\/h2>\n\n\n\n<p>Elektrik stansiyalar\u0131 qurulmas\u0131, sazlanmas\u0131, t\u0259miri, \u0130n\u015faat, M\u00fch\u0259ndislik layih\u0259l\u0259rinin haz\u0131rlanmas\u0131ndan ba\u015flayaraq i\u015fin taml\u0131qla&nbsp; &#8211; i\u015f\u00e7ilik v\u0259 material t\u0259chizat\u0131 daxil sonda \u201ca\u00e7ar t\u0259slimi\u201d hal\u0131na q\u0259d\u0259r i\u015fin icra edilm\u0259si v\u0259 t\u0259hvil verilm\u0259si, h\u0259m\u00e7inin t\u0259rtib edilmi\u015f m\u00fch\u0259ndislik layih\u0259l\u0259rin\u0259 m\u00fc\u0259llif n\u0259zar\u0259ti, interyer v\u0259 fasad dizaynlar\u0131n\u0131n haz\u0131rlanmas\u0131 kimi i\u015fl\u0259rinin h\u0259yata ke\u00e7irilm\u0259si.<\/p>\n\n\n\n<p>T\u0259mir z\u0259rur\u0259ti da\u015f\u0131yan haz\u0131r v\u0259 ya k\u00f6h\u0259lmi\u015f binalar\u0131n cari v\u0259 \u0259sasl\u0131 daxili v\u0259 xarici t\u0259mir i\u015fl\u0259ri, t\u0259mir i\u015fl\u0259rind\u0259 layih\u0259l\u0259ndirm\u0259, m\u0259sl\u0259h\u0259t xidm\u0259tl\u0259ri v\u0259 s. m\u00fch\u0259ndislik v\u0259 memarl\u0131q i\u015fl\u0259ri \u00fczr\u0259 b\u00fct\u00fcn dig\u0259r i\u015fl\u0259r.<\/p>\n\n\n\n<p>Yenid\u0259nqurma i\u015fl\u0259ri, b\u00fct\u00f6vl\u00fckd\u0259 s\u00f6k\u00fclm\u0259 v\u0259 yenid\u0259n in\u015faat i\u015fl\u0259ri, b\u0259rpa i\u015fl\u0259ri v\u0259 d\u0259st\u0259kverici kompleksl\u0259rin qurulmas\u0131 xidm\u0259tl\u0259ri. M\u00fcasir v\u0259 qabaqc\u0131l texnologiyal\u0131 istehsal\u00e7\u0131lar\u0131n dileri olaraq davaml\u0131 v\u0259 etibarl\u0131 tikinti, texniki, s\u0259naye m\u0259hsullar\u0131n\u0131n, mal-materiallar\u0131n\u0131n t\u0259chizat\u0131, da\u015f\u0131nmas\u0131 v\u0259 qura\u015fd\u0131r\u0131lmas\u0131.<\/p>\n<\/div>\n\n\n\n<div class=\"wp-block-column is-layout-flow wp-block-column-is-layout-flow\"><\/div>\n<\/div>\n\n\n\n<p class=\"has-text-align-center\"><strong><o-anim-typing>\u018fSAS M\u00dc\u015eT\u018fR\u0130M\u0130Z<\/o-anim-typing><\/strong><\/p>\n\n\n<div  ><style id=\"sp_lcp_dynamic_css93\">div#logo-carousel-free-93.logo-carousel-free .sp-lc-logo{border: 0px none #dddddd;border-radius: 0px;overflow: hidden;}div#logo-carousel-free-93.logo-carousel-free .sp-lc-logo:hover{border-color: #16a08b;}#logo-carousel-free-93.sp-lc-container .sp-lc-pagination .swiper-pagination-bullet {background-color: #dddddd;margin: 0 4px;}#logo-carousel-free-93.sp-lc-container .sp-lc-pagination .swiper-pagination-bullet.swiper-pagination-bullet-active{background-color: #16a08b; }#logo-carousel-free-93.sp-lc-container .sp-logo-carousel {padding-top: 46px;}#logo-carousel-free-93.sp-lc-container .sp-lc-button-prev,#logo-carousel-free-93.sp-lc-container .sp-lc-button-next {color: #aaaaaa;background: transparent;border: 1px solid #aaaaaa;line-height: 28px;}#logo-carousel-free-93.sp-lc-container .sp-lc-button-prev:hover,#logo-carousel-free-93.sp-lc-container .sp-lc-button-next:hover{background-color: #16a08b;color: #ffffff;border-color: #16a08b;}@media only screen and (max-width: 576px) {} .logo-carousel-free-area#logo-carousel-free-93{position: relative;}#lcp-preloader-93{position: absolute;left: 0;top: 0;height: 100%;width: 100%;text-align: center;display: flex;align-items: center;justify-content: center;background: #fff;z-index: 9999;} .logo-carousel-free-area#logo-carousel-free-93 .sp-logo-carousel-section-title{margin-bottom: 30px;}#logo-carousel-free-93 .sp-lc-grid-container { justify-content: left; align-items: center; } #logo-carousel-free-93 .swiper-wrapper .swiper-slide { align-self: center; }#logo-carousel-free-93 .sp-lc-grid-container {margin-left: -4px;margin-right: -4px;width: calc( 100% + 8px);}#logo-carousel-free-93 .sp-lc-grid-container [class*=\"lc-col\"] {padding-left: 4px;padding-right: 4px;padding-bottom: 8px;}@media screen and (min-width: 1200px ){.logo-carousel-free-area#logo-carousel-free-93 .sp-logo-carousel:not([class*=\"-initialized\"]) > .swiper-wrapper {display: flex;width: calc( 100% + 8px );}.logo-carousel-free-area#logo-carousel-free-93 .sp-logo-carousel:not([class*=\"-initialized\"]) > .swiper-wrapper > .swiper-slide {width: 20%;padding-right: 8px;}}<\/style>\n<div id='logo-carousel-free-93' class=\"logo-carousel-free logo-carousel-free-area sp-lc-container\">\n\t\t\t<div id=\"lcp-preloader-93\" class=\"sp-logo-carousel-preloader\"><img decoding=\"async\" src=\"https:\/\/energotrans.services\/wp-content\/plugins\/logo-carousel-free\/admin\/assets\/images\/spinner.svg\" class=\"skip-lazy\" alt=\"Loader Image\"\/><\/div>\n\t\t\t<div id=\"sp-logo-carousel-id-93\" class=\"swiper-container sp-logo-carousel  lcp-preloader\" dir=\"ltr\" data-carousel='{ \"speed\":600,\"spaceBetween\": 8, \"autoplay\": true, \"infinite\":true, \"autoplay_speed\": 3000, \"stop_onHover\": true, \"pagination\": true, \"navigation\": true, \"MobileNav\": true, \"MobilePagi\": true, \"simulateTouch\": true,\"freeMode\": false,\"swipeToSlide\": false, \"carousel_accessibility\": true,\"adaptiveHeight\": false,\"allowTouchMove\": true, \"slidesPerView\": { \"lg_desktop\": 5, \"desktop\": 4, \"tablet\": 3, \"mobile\": 1, \"mobile_landscape\": 2 } }' data-carousel-starts-onscreen=\"false\">\n\t\t<div class=\"swiper-wrapper\">\n\t\t\t\t<div class=\"swiper-slide\"><div class=\"sp-lc-logo\"><img loading=\"lazy\" decoding=\"async\" src=\"https:\/\/energotrans.services\/wp-content\/uploads\/2025\/06\/MIU.jpeg\" title=\"\" alt=\"\" width=\"196\" height=\"169\" class=\"sp-lc-image skip-lazy\"><\/div><\/div>\n\t\t<div class=\"swiper-slide\"><div class=\"sp-lc-logo\"><img loading=\"lazy\" decoding=\"async\" src=\"https:\/\/energotrans.services\/wp-content\/uploads\/2025\/06\/ceo.jpeg\" title=\"\" alt=\"\" width=\"200\" height=\"200\" class=\"sp-lc-image skip-lazy\"><\/div><\/div>\n\t\t<div class=\"swiper-slide\"><div class=\"sp-lc-logo\"><img loading=\"lazy\" decoding=\"async\" src=\"https:\/\/energotrans.services\/wp-content\/uploads\/2025\/06\/DIN.jpeg\" title=\"\" alt=\"\" width=\"193\" height=\"261\" class=\"sp-lc-image skip-lazy\"><\/div><\/div>\n\t\t<div class=\"swiper-slide\"><div class=\"sp-lc-logo\"><img loading=\"lazy\" decoding=\"async\" src=\"https:\/\/energotrans.services\/wp-content\/uploads\/2025\/06\/jpconeco.jpeg\" title=\"\" alt=\"\" width=\"200\" height=\"200\" class=\"sp-lc-image skip-lazy\"><\/div><\/div>\n\t\t<div class=\"swiper-slide\"><div class=\"sp-lc-logo\"><img loading=\"lazy\" decoding=\"async\" src=\"https:\/\/energotrans.services\/wp-content\/uploads\/2025\/06\/cem.jpeg\" title=\"\" alt=\"\" width=\"225\" height=\"225\" class=\"sp-lc-image skip-lazy\"><\/div><\/div>\n\t\t<div class=\"swiper-slide\"><div class=\"sp-lc-logo\"><img loading=\"lazy\" decoding=\"async\" src=\"https:\/\/energotrans.services\/wp-content\/uploads\/2025\/06\/bcc-768x600.png\" title=\"\" alt=\"\" width=\"750\" height=\"586\" class=\"sp-lc-image skip-lazy\"><\/div><\/div>\n\t\t<div class=\"swiper-slide\"><div class=\"sp-lc-logo\"><img loading=\"lazy\" decoding=\"async\" src=\"https:\/\/energotrans.services\/wp-content\/uploads\/2025\/06\/Baki-abadliq.png\" title=\"\" alt=\"\" width=\"225\" height=\"225\" class=\"sp-lc-image skip-lazy\"><\/div><\/div>\n\t\t<div class=\"swiper-slide\"><div class=\"sp-lc-logo\"><img loading=\"lazy\" decoding=\"async\" src=\"https:\/\/energotrans.services\/wp-content\/uploads\/2025\/06\/bakicircuit.png\" title=\"\" alt=\"\" width=\"292\" height=\"172\" class=\"sp-lc-image skip-lazy\"><\/div><\/div>\n\t\t<div class=\"swiper-slide\"><div class=\"sp-lc-logo\"><img loading=\"lazy\" decoding=\"async\" src=\"https:\/\/energotrans.services\/wp-content\/uploads\/2025\/06\/Avtoyoltikintiservis.png\" title=\"\" alt=\"\" width=\"225\" height=\"225\" class=\"sp-lc-image skip-lazy\"><\/div><\/div>\n\t\t<div class=\"swiper-slide\"><div class=\"sp-lc-logo\"><img loading=\"lazy\" decoding=\"async\" src=\"https:\/\/energotrans.services\/wp-content\/uploads\/2025\/06\/azenerji.jpeg\" title=\"\" alt=\"\" width=\"275\" height=\"183\" class=\"sp-lc-image skip-lazy\"><\/div><\/div>\n\t\t<div class=\"swiper-slide\"><div class=\"sp-lc-logo\"><img loading=\"lazy\" decoding=\"async\" src=\"https:\/\/energotrans.services\/wp-content\/uploads\/2025\/06\/Amina-logo-sm.png\" title=\"\" alt=\"\" width=\"394\" height=\"281\" class=\"sp-lc-image skip-lazy\"><\/div><\/div>\n\t\t\t<\/div>\n\n\t\t\t\t\t<div class=\"sp-lc-pagination swiper-pagination dots\"><\/div>\n\t\t\t\t\t\t<div class=\"sp-lc-button-next\"><i class=\"fa fa-angle-right\"><\/i><\/div>\n\t\t\t<div class=\"sp-lc-button-prev\"><i class=\"fa fa-angle-left\"><\/i><\/div>\n\t\t\t\t<\/div>\n<\/div>\n<\/div>","protected":false},"excerpt":{"rendered":"<p>X\u0130DM\u018fTL\u018fR\u0130M\u0130Z: Elektrik stansiyalar\u0131 qurulmas\u0131, sazlanmas\u0131, t\u0259miri, \u0130n\u015faat, M\u00fch\u0259ndislik layih\u0259l\u0259rinin haz\u0131rlanmas\u0131ndan ba\u015flayaraq i\u015fin taml\u0131qla&nbsp; &#8211; i\u015f\u00e7ilik v\u0259 material t\u0259chizat\u0131 daxil sonda \u201ca\u00e7ar t\u0259slimi\u201d hal\u0131na q\u0259d\u0259r i\u015fin icra edilm\u0259si v\u0259 t\u0259hvil verilm\u0259si, h\u0259m\u00e7inin t\u0259rtib edilmi\u015f m\u00fch\u0259ndislik layih\u0259l\u0259rin\u0259 m\u00fc\u0259llif n\u0259zar\u0259ti, interyer v\u0259 fasad dizaynlar\u0131n\u0131n haz\u0131rlanmas\u0131 kimi i\u015fl\u0259rinin h\u0259yata ke\u00e7irilm\u0259si. T\u0259mir z\u0259rur\u0259ti da\u015f\u0131yan haz\u0131r [&hellip;]<\/p>\n","protected":false},"author":1,"featured_media":0,"parent":0,"menu_order":0,"comment_status":"closed","ping_status":"closed","template":"","meta":{"_themeisle_gutenberg_block_has_review":false,"footnotes":""},"class_list":["post-14","page","type-page","status-publish","hentry"],"yoast_head":"<!-- This site is optimized with the Yoast SEO plugin v26.0 - https:\/\/yoast.com\/wordpress\/plugins\/seo\/ -->\n<title>Ana s\u0259hif\u0259 - Energotrans LLC<\/title>\n<meta name=\"robots\" content=\"index, follow, max-snippet:-1, max-image-preview:large, max-video-preview:-1\" \/>\n<link rel=\"canonical\" href=\"https:\/\/energotrans.services\/\" \/>\n<meta property=\"og:locale\" content=\"en_US\" \/>\n<meta property=\"og:type\" content=\"article\" \/>\n<meta property=\"og:title\" content=\"Ana s\u0259hif\u0259 - Energotrans LLC\" \/>\n<meta property=\"og:description\" content=\"X\u0130DM\u018fTL\u018fR\u0130M\u0130Z: Elektrik stansiyalar\u0131 qurulmas\u0131, sazlanmas\u0131, t\u0259miri, \u0130n\u015faat, M\u00fch\u0259ndislik layih\u0259l\u0259rinin haz\u0131rlanmas\u0131ndan ba\u015flayaraq i\u015fin taml\u0131qla&nbsp; &#8211; i\u015f\u00e7ilik v\u0259 material t\u0259chizat\u0131 daxil sonda \u201ca\u00e7ar t\u0259slimi\u201d hal\u0131na q\u0259d\u0259r i\u015fin icra edilm\u0259si v\u0259 t\u0259hvil verilm\u0259si, h\u0259m\u00e7inin t\u0259rtib edilmi\u015f m\u00fch\u0259ndislik layih\u0259l\u0259rin\u0259 m\u00fc\u0259llif n\u0259zar\u0259ti, interyer v\u0259 fasad dizaynlar\u0131n\u0131n haz\u0131rlanmas\u0131 kimi i\u015fl\u0259rinin h\u0259yata ke\u00e7irilm\u0259si. T\u0259mir z\u0259rur\u0259ti da\u015f\u0131yan haz\u0131r [&hellip;]\" \/>\n<meta property=\"og:url\" content=\"https:\/\/energotrans.services\/\" \/>\n<meta property=\"og:site_name\" content=\"Energotrans LLC\" \/>\n<meta property=\"article:modified_time\" content=\"2025-07-22T12:05:07+00:00\" \/>\n<meta name=\"twitter:card\" content=\"summary_large_image\" \/>\n<meta name=\"twitter:label1\" content=\"Est. reading time\" \/>\n\t<meta name=\"twitter:data1\" content=\"1 minute\" \/>\n<script type=\"application\/ld+json\" class=\"yoast-schema-graph\">{\"@context\":\"https:\/\/schema.org\",\"@graph\":[{\"@type\":\"WebPage\",\"@id\":\"https:\/\/energotrans.services\/\",\"url\":\"https:\/\/energotrans.services\/\",\"name\":\"Ana s\u0259hif\u0259 - Energotrans LLC\",\"isPartOf\":{\"@id\":\"https:\/\/energotrans.services\/#website\"},\"datePublished\":\"2025-05-29T08:55:01+00:00\",\"dateModified\":\"2025-07-22T12:05:07+00:00\",\"breadcrumb\":{\"@id\":\"https:\/\/energotrans.services\/#breadcrumb\"},\"inLanguage\":\"en-US\",\"potentialAction\":[{\"@type\":\"ReadAction\",\"target\":[\"https:\/\/energotrans.services\/\"]}]},{\"@type\":\"BreadcrumbList\",\"@id\":\"https:\/\/energotrans.services\/#breadcrumb\",\"itemListElement\":[{\"@type\":\"ListItem\",\"position\":1,\"name\":\"Home\",\"item\":\"https:\/\/energotrans.services\/\"},{\"@type\":\"ListItem\",\"position\":2,\"name\":\"Ana s\u0259hif\u0259\"}]},{\"@type\":\"WebSite\",\"@id\":\"https:\/\/energotrans.services\/#website\",\"url\":\"https:\/\/energotrans.services\/\",\"name\":\"Energotrans LLC\",\"description\":\"\",\"publisher\":{\"@id\":\"https:\/\/energotrans.services\/#organization\"},\"potentialAction\":[{\"@type\":\"SearchAction\",\"target\":{\"@type\":\"EntryPoint\",\"urlTemplate\":\"https:\/\/energotrans.services\/?s={search_term_string}\"},\"query-input\":{\"@type\":\"PropertyValueSpecification\",\"valueRequired\":true,\"valueName\":\"search_term_string\"}}],\"inLanguage\":\"en-US\"},{\"@type\":\"Organization\",\"@id\":\"https:\/\/energotrans.services\/#organization\",\"name\":\"Energotrans LLC\",\"url\":\"https:\/\/energotrans.services\/\",\"logo\":{\"@type\":\"ImageObject\",\"inLanguage\":\"en-US\",\"@id\":\"https:\/\/energotrans.services\/#\/schema\/logo\/image\/\",\"url\":\"https:\/\/energotrans.services\/wp-content\/uploads\/2025\/05\/logo-logo-head.png\",\"contentUrl\":\"https:\/\/energotrans.services\/wp-content\/uploads\/2025\/05\/logo-logo-head.png\",\"width\":1296,\"height\":826,\"caption\":\"Energotrans LLC\"},\"image\":{\"@id\":\"https:\/\/energotrans.services\/#\/schema\/logo\/image\/\"}}]}<\/script>\n<!-- \/ Yoast SEO plugin. -->","yoast_head_json":{"title":"Ana s\u0259hif\u0259 - Energotrans LLC","robots":{"index":"index","follow":"follow","max-snippet":"max-snippet:-1","max-image-preview":"max-image-preview:large","max-video-preview":"max-video-preview:-1"},"canonical":"https:\/\/energotrans.services\/","og_locale":"en_US","og_type":"article","og_title":"Ana s\u0259hif\u0259 - Energotrans LLC","og_description":"X\u0130DM\u018fTL\u018fR\u0130M\u0130Z: Elektrik stansiyalar\u0131 qurulmas\u0131, sazlanmas\u0131, t\u0259miri, \u0130n\u015faat, M\u00fch\u0259ndislik layih\u0259l\u0259rinin haz\u0131rlanmas\u0131ndan ba\u015flayaraq i\u015fin taml\u0131qla&nbsp; &#8211; i\u015f\u00e7ilik v\u0259 material t\u0259chizat\u0131 daxil sonda \u201ca\u00e7ar t\u0259slimi\u201d hal\u0131na q\u0259d\u0259r i\u015fin icra edilm\u0259si v\u0259 t\u0259hvil verilm\u0259si, h\u0259m\u00e7inin t\u0259rtib edilmi\u015f m\u00fch\u0259ndislik layih\u0259l\u0259rin\u0259 m\u00fc\u0259llif n\u0259zar\u0259ti, interyer v\u0259 fasad dizaynlar\u0131n\u0131n haz\u0131rlanmas\u0131 kimi i\u015fl\u0259rinin h\u0259yata ke\u00e7irilm\u0259si. T\u0259mir z\u0259rur\u0259ti da\u015f\u0131yan haz\u0131r [&hellip;]","og_url":"https:\/\/energotrans.services\/","og_site_name":"Energotrans LLC","article_modified_time":"2025-07-22T12:05:07+00:00","twitter_card":"summary_large_image","twitter_misc":{"Est. reading time":"1 minute"},"schema":{"@context":"https:\/\/schema.org","@graph":[{"@type":"WebPage","@id":"https:\/\/energotrans.services\/","url":"https:\/\/energotrans.services\/","name":"Ana s\u0259hif\u0259 - Energotrans LLC","isPartOf":{"@id":"https:\/\/energotrans.services\/#website"},"datePublished":"2025-05-29T08:55:01+00:00","dateModified":"2025-07-22T12:05:07+00:00","breadcrumb":{"@id":"https:\/\/energotrans.services\/#breadcrumb"},"inLanguage":"en-US","potentialAction":[{"@type":"ReadAction","target":["https:\/\/energotrans.services\/"]}]},{"@type":"BreadcrumbList","@id":"https:\/\/energotrans.services\/#breadcrumb","itemListElement":[{"@type":"ListItem","position":1,"name":"Home","item":"https:\/\/energotrans.services\/"},{"@type":"ListItem","position":2,"name":"Ana s\u0259hif\u0259"}]},{"@type":"WebSite","@id":"https:\/\/energotrans.services\/#website","url":"https:\/\/energotrans.services\/","name":"Energotrans LLC","description":"","publisher":{"@id":"https:\/\/energotrans.services\/#organization"},"potentialAction":[{"@type":"SearchAction","target":{"@type":"EntryPoint","urlTemplate":"https:\/\/energotrans.services\/?s={search_term_string}"},"query-input":{"@type":"PropertyValueSpecification","valueRequired":true,"valueName":"search_term_string"}}],"inLanguage":"en-US"},{"@type":"Organization","@id":"https:\/\/energotrans.services\/#organization","name":"Energotrans LLC","url":"https:\/\/energotrans.services\/","logo":{"@type":"ImageObject","inLanguage":"en-US","@id":"https:\/\/energotrans.services\/#\/schema\/logo\/image\/","url":"https:\/\/energotrans.services\/wp-content\/uploads\/2025\/05\/logo-logo-head.png","contentUrl":"https:\/\/energotrans.services\/wp-content\/uploads\/2025\/05\/logo-logo-head.png","width":1296,"height":826,"caption":"Energotrans LLC"},"image":{"@id":"https:\/\/energotrans.services\/#\/schema\/logo\/image\/"}}]}},"jetpack_sharing_enabled":true,"_links":{"self":[{"href":"https:\/\/energotrans.services\/index.php\/wp-json\/wp\/v2\/pages\/14","targetHints":{"allow":["GET"]}}],"collection":[{"href":"https:\/\/energotrans.services\/index.php\/wp-json\/wp\/v2\/pages"}],"about":[{"href":"https:\/\/energotrans.services\/index.php\/wp-json\/wp\/v2\/types\/page"}],"author":[{"embeddable":true,"href":"https:\/\/energotrans.services\/index.php\/wp-json\/wp\/v2\/users\/1"}],"replies":[{"embeddable":true,"href":"https:\/\/energotrans.services\/index.php\/wp-json\/wp\/v2\/comments?post=14"}],"version-history":[{"count":8,"href":"https:\/\/energotrans.services\/index.php\/wp-json\/wp\/v2\/pages\/14\/revisions"}],"predecessor-version":[{"id":149,"href":"https:\/\/energotrans.services\/index.php\/wp-json\/wp\/v2\/pages\/14\/revisions\/149"}],"wp:attachment":[{"href":"https:\/\/energotrans.services\/index.php\/wp-json\/wp\/v2\/media?parent=14"}],"curies":[{"name":"wp","href":"https:\/\/api.w.org\/{rel}","templated":true}]}}